{"id":38554,"date":"2023-04-14T10:58:28","date_gmt":"2023-04-14T09:58:28","guid":{"rendered":"https:\/\/ihedn.fr\/?page_id=38554"},"modified":"2024-07-16T09:45:26","modified_gmt":"2024-07-16T08:45:26","slug":"les-auditeurs-des-sessions-en-region","status":"publish","type":"page","link":"https:\/\/ihedn.fr\/en\/nos-auditeurs\/les-auditeurs-des-sessions-en-region\/","title":{"rendered":"Listeners at regional sessions"},"content":{"rendered":"<div data-elementor-type=\"wp-page\" data-elementor-id=\"38554\" class=\"elementor elementor-38554\" data-elementor-post-type=\"page\">\n\t\t\t\t<div data-particle_enable=\"false\" data-particle-mobile-disabled=\"false\" class=\"elementor-element elementor-element-b01a514 e-flex e-con-boxed e-con e-parent\" data-id=\"b01a514\" data-element_type=\"container\" data-e-type=\"container\">\n\t\t\t\t\t<div class=\"e-con-inner\">\n\t\t<div data-particle_enable=\"false\" data-particle-mobile-disabled=\"false\" class=\"elementor-element elementor-element-2367785 e-con-full e-flex e-con e-child\" data-id=\"2367785\" data-element_type=\"container\" data-e-type=\"container\">\n\t\t\t\t<div class=\"elementor-element elementor-element-374fb74 elementor-widget elementor-widget-heading\" data-id=\"374fb74\" data-element_type=\"widget\" data-e-type=\"widget\" data-widget_type=\"heading.default\">\n\t\t\t\t<div class=\"elementor-widget-container\">\n\t\t\t\t\t<h1 class=\"elementor-heading-title elementor-size-default\">Listeners at regional sessions<\/h1>\t\t\t\t<\/div>\n\t\t\t\t<\/div>\n\t\t\t\t<div class=\"elementor-element elementor-element-93bb630 elementor-widget-divider--view-line elementor-widget elementor-widget-divider\" data-id=\"93bb630\" data-element_type=\"widget\" data-e-type=\"widget\" data-widget_type=\"divider.default\">\n\t\t\t\t<div class=\"elementor-widget-container\">\n\t\t\t\t\t\t\t<div class=\"elementor-divider\">\n\t\t\t<span class=\"elementor-divider-separator\">\n\t\t\t\t\t\t<\/span>\n\t\t<\/div>\n\t\t\t\t\t\t<\/div>\n\t\t\t\t<\/div>\n\t\t\t\t<\/div>\n\t\t\t\t\t<\/div>\n\t\t\t\t<\/div>\n\t\t<div data-particle_enable=\"false\" data-particle-mobile-disabled=\"false\" class=\"elementor-element elementor-element-d77a027 e-flex e-con-boxed e-con e-parent\" data-id=\"d77a027\" data-element_type=\"container\" data-e-type=\"container\">\n\t\t\t\t\t<div class=\"e-con-inner\">\n\t\t<div data-particle_enable=\"false\" data-particle-mobile-disabled=\"false\" class=\"elementor-element elementor-element-7f45794 e-con-full e-flex e-con e-child\" data-id=\"7f45794\" data-element_type=\"container\" data-e-type=\"container\">\n\t\t\t\t<div class=\"elementor-element elementor-element-4e4cc4c elementor-tabs-view-horizontal elementor-widget elementor-widget-tabs\" data-id=\"4e4cc4c\" data-element_type=\"widget\" data-e-type=\"widget\" data-widget_type=\"tabs.default\">\n\t\t\t\t<div class=\"elementor-widget-container\">\n\t\t\t\t\t\t\t<div class=\"elementor-tabs\">\n\t\t\t<div class=\"elementor-tabs-wrapper\" role=\"tablist\" >\n\t\t\t\t\t\t\t\t\t<div id=\"elementor-tab-title-8211\" class=\"elementor-tab-title elementor-tab-desktop-title\" aria-selected=\"true\" data-tab=\"1\" role=\"tab\" tabindex=\"0\" aria-controls=\"elementor-tab-content-8211\" aria-expanded=\"false\">2024<\/div>\n\t\t\t\t\t\t\t\t\t<div id=\"elementor-tab-title-8212\" class=\"elementor-tab-title elementor-tab-desktop-title\" aria-selected=\"false\" data-tab=\"2\" role=\"tab\" tabindex=\"-1\" aria-controls=\"elementor-tab-content-8212\" aria-expanded=\"false\">2023<\/div>\n\t\t\t\t\t\t\t\t\t<div id=\"elementor-tab-title-8213\" class=\"elementor-tab-title elementor-tab-desktop-title\" aria-selected=\"false\" data-tab=\"3\" role=\"tab\" tabindex=\"-1\" aria-controls=\"elementor-tab-content-8213\" aria-expanded=\"false\">2022<\/div>\n\t\t\t\t\t\t\t\t\t<div id=\"elementor-tab-title-8214\" class=\"elementor-tab-title elementor-tab-desktop-title\" aria-selected=\"false\" data-tab=\"4\" role=\"tab\" tabindex=\"-1\" aria-controls=\"elementor-tab-content-8214\" aria-expanded=\"false\">2021<\/div>\n\t\t\t\t\t\t\t<\/div>\n\t\t\t<div class=\"elementor-tabs-content-wrapper\" role=\"tablist\" aria-orientation=\"vertical\">\n\t\t\t\t\t\t\t\t\t<div class=\"elementor-tab-title elementor-tab-mobile-title\" aria-selected=\"true\" data-tab=\"1\" role=\"tab\" tabindex=\"0\" aria-controls=\"elementor-tab-content-8211\" aria-expanded=\"false\">2024<\/div>\n\t\t\t\t\t<div id=\"elementor-tab-content-8211\" class=\"elementor-tab-content elementor-clearfix\" data-tab=\"1\" role=\"tabpanel\" aria-labelledby=\"elementor-tab-title-8211\" tabindex=\"0\" hidden=\"false\"><p><strong><span style=\"color: #000000;\">List of auditors for regional sessions 2024-2025 :<\/span><\/strong><\/p><p><span style=\"text-decoration: underline; color: #000080;\"><strong><a style=\"color: #000080; text-decoration: underline;\" href=\"https:\/\/ihedn.fr\/wp-content\/uploads\/2024\/03\/Decision-relative-aux-auditeurs-ayant-suivi-la-236e-session-en-region-Grand-Est.pdf\">Download the list of 236 listeners<sup>e<\/sup> session in the Grand-Est region<\/a><\/strong><\/span><\/p><p><span style=\"text-decoration: underline; color: #000080;\"><strong><a style=\"color: #000080; text-decoration: underline;\" href=\"https:\/\/ihedn.fr\/wp-content\/uploads\/2024\/04\/Decision-relative-aux-auditeurs-ayant-suivi-la-237e-session-en-region-Polynesie-francaise.pdf\">Download the list of 237 listeners<sup>e<\/sup> session in French Polynesia<\/a><\/strong><\/span><\/p><p style=\"text-align: left;\">\u00a0<\/p><\/div>\n\t\t\t\t\t\t\t\t\t<div class=\"elementor-tab-title elementor-tab-mobile-title\" aria-selected=\"false\" data-tab=\"2\" role=\"tab\" tabindex=\"-1\" aria-controls=\"elementor-tab-content-8212\" aria-expanded=\"false\">2023<\/div>\n\t\t\t\t\t<div id=\"elementor-tab-content-8212\" class=\"elementor-tab-content elementor-clearfix\" data-tab=\"2\" role=\"tabpanel\" aria-labelledby=\"elementor-tab-title-8212\" tabindex=\"0\" hidden=\"hidden\"><p><strong><span style=\"color: #000000;\">List of auditors for regional sessions 2023-2024 :<\/span><\/strong><\/p><p><span style=\"text-decoration: underline; color: #000080;\"><strong><a style=\"color: #000080; text-decoration: underline;\" href=\"https:\/\/ihedn.fr\/wp-content\/uploads\/2023\/05\/Liste-officielle-auditeurs-230e-SR.pdf\">Download the list of 230 auditors<sup>e<\/sup> session in Normandy<\/a><\/strong><\/span><\/p><p><span style=\"text-decoration: underline; color: #000080;\"><strong><a style=\"color: #000080; text-decoration: underline;\" href=\"https:\/\/ihedn.fr\/wp-content\/uploads\/2023\/07\/liste-officielle-des-auditeurs-231e-SR.pdf\">Download the list of 231 listeners<sup>e<\/sup> session in the Bourgogne Franche-Comt\u00e9 region<\/a><\/strong><\/span><\/p><p><span style=\"text-decoration: underline; color: #000080;\"><a style=\"color: #000080; text-decoration: underline;\" href=\"https:\/\/ihedn.fr\/wp-content\/uploads\/2023\/11\/Designation-des-auditeurs-ayant-suivi-la-232-SR.pdf\">Download the list of 232 auditors<sup>e<\/sup> session in French Guiana<\/a><\/span><\/p><p><span style=\"text-decoration: underline; color: #000080;\"><a style=\"color: #000080; text-decoration: underline;\" href=\"https:\/\/ihedn.fr\/wp-content\/uploads\/2024\/04\/233-SR-Liste-des-candidats-ayant-suivi-la-session-1.pdf\">Download the list of 233 listeners<sup>e<\/sup> session in the Brittany region<\/a><\/span><\/p><p><span style=\"text-decoration: underline; color: #000080;\"><strong><a style=\"color: #000080; text-decoration: underline;\" href=\"https:\/\/ihedn.fr\/wp-content\/uploads\/2024\/01\/Decision-relative-aux-auditeurs-ayant-suivi-la-234e-session-en-region-Auvergne-Rhone-Alpes.pdf\"><span>Download the list of 234 listeners<sup>e<\/sup> session in the Auvergne-Rh\u00f4ne-Alpes region<\/span><\/a><\/strong><\/span><\/p><p><span style=\"text-decoration: underline; color: #000080;\"><strong><a style=\"color: #000080; text-decoration: underline;\" href=\"https:\/\/ihedn.fr\/wp-content\/uploads\/2023\/07\/Liste-de-designation-des-candidats-ayant-suivi-la-235eme-SR-en-Corse.pdf\">Download the list of 235 auditors<sup>e<\/sup> session in Corsica<\/a><\/strong><\/span><\/p><p style=\"text-align: left;\">\u00a0<\/p><\/div>\n\t\t\t\t\t\t\t\t\t<div class=\"elementor-tab-title elementor-tab-mobile-title\" aria-selected=\"false\" data-tab=\"3\" role=\"tab\" tabindex=\"-1\" aria-controls=\"elementor-tab-content-8213\" aria-expanded=\"false\">2022<\/div>\n\t\t\t\t\t<div id=\"elementor-tab-content-8213\" class=\"elementor-tab-content elementor-clearfix\" data-tab=\"3\" role=\"tabpanel\" aria-labelledby=\"elementor-tab-title-8213\" tabindex=\"0\" hidden=\"hidden\"><p><strong><span style=\"color: #000000;\">List of auditors for regional sessions 2022-2023 :<\/span><\/strong><\/p><p><span style=\"text-decoration: underline; color: #000080;\"><strong><a style=\"color: #000080; text-decoration: underline;\" href=\"https:\/\/ihedn.fr\/wp-content\/uploads\/2023\/07\/220e-SR-en-Nouvelle-Caledonie-designation-des-auditeurs.pdf\">Download the list of 220 auditors<sup>e<\/sup> session in the New Caledonia region<\/a><\/strong><\/span><\/p><p><span style=\"text-decoration: underline; color: #000080;\"><strong><a style=\"color: #000080; text-decoration: underline;\" href=\"https:\/\/ihedn.fr\/wp-content\/uploads\/2023\/05\/Liste-officielle-auditeurs-228e-SR-2.pdf\">Download the list of 228 auditors<sup>e<\/sup> session in the Pays de la Loire region<\/a><\/strong><\/span><\/p><p><span style=\"text-decoration: underline; color: #000080;\"><strong><a style=\"color: #000080; text-decoration: underline;\" href=\"https:\/\/ihedn.fr\/wp-content\/uploads\/2023\/05\/Liste-officielle-auditeurs-229e-SR-2.pdf\">Download the list of 229 listeners<sup>e<\/sup> session in the Occitanie region<\/a><\/strong><\/span><\/p><p style=\"text-align: left;\">\u00a0<\/p><\/div>\n\t\t\t\t\t\t\t\t\t<div class=\"elementor-tab-title elementor-tab-mobile-title\" aria-selected=\"false\" data-tab=\"4\" role=\"tab\" tabindex=\"-1\" aria-controls=\"elementor-tab-content-8214\" aria-expanded=\"false\">2021<\/div>\n\t\t\t\t\t<div id=\"elementor-tab-content-8214\" class=\"elementor-tab-content elementor-clearfix\" data-tab=\"4\" role=\"tabpanel\" aria-labelledby=\"elementor-tab-title-8214\" tabindex=\"0\" hidden=\"hidden\"><p><strong><span style=\"color: #000000;\">List of auditors for regional sessions 2021-2022 :<\/span><\/strong><\/p><p><span style=\"text-decoration: underline; color: #000080;\"><span><strong><a style=\"color: #000080; text-decoration: underline;\" href=\"https:\/\/ihedn.fr\/wp-content\/uploads\/2023\/05\/SR-decision-n8-Designation-des-auditeurs-ayant-suivi-la-223e-SR-PACA-du-21-sept-au-21-octobre-2021.pdf\">Download the list of 223 listeners<sup>e<\/sup> session in the Provence-Alpes-C\u00f4te d'Azur region<\/a><\/strong><\/span><\/span><\/p><p><span style=\"text-decoration: underline; color: #000080;\"><span><strong><a style=\"color: #000080; text-decoration: underline;\" href=\"https:\/\/ihedn.fr\/wp-content\/uploads\/2023\/05\/Designation-n\u00b0-26-Designation-des-auditeurs-ayant-suivi-la-224e-SR-Ile-de-France-du-23-novembre-au-13-decembre-2021.pdf\">Download the list of auditors for the 224th session in the \u00cele-de-France region<\/a><\/strong><\/span><\/span><\/p><p><span style=\"text-decoration: underline; color: #000080;\"><span><strong><a style=\"color: #000080; text-decoration: underline;\" href=\"https:\/\/ihedn.fr\/wp-content\/uploads\/2023\/05\/225eme-Session-en-region-designation-selection-des-candidats.pdf\">Download the list of auditors for the 225th session in the Nouvelle-Aquitaine region<\/a><\/strong><\/span><\/span><\/p><p><span style=\"text-decoration: underline; color: #000080;\"><span><strong><a style=\"color: #000080; text-decoration: underline;\" href=\"https:\/\/ihedn.fr\/wp-content\/uploads\/2023\/05\/Decision-226e-SR.pdf\">Download the list of auditors for the 226th session in the Hauts-de-France region<\/a><\/strong><\/span><\/span><\/p><p><span style=\"color: #000080;\"><strong><a style=\"color: #000080;\" href=\"https:\/\/ihedn.fr\/wp-content\/uploads\/2023\/05\/Decision-227e-SR.pdf\"><span style=\"text-decoration: underline;\"><span>Download the list of auditors for the 227th session in the \u00cele-de-France region<\/span><\/span><\/a><\/strong><\/span><\/p><p style=\"text-align: left;\">\u00a0<\/p><\/div>\n\t\t\t\t\t\t\t<\/div>\n\t\t<\/div>\n\t\t\t\t\t\t<\/div>\n\t\t\t\t<\/div>\n\t\t\t\t<\/div>\n\t\t\t\t\t<\/div>\n\t\t\t\t<\/div>\n\t\t\t\t<\/div>","protected":false},"excerpt":{"rendered":"<p>Les auditeurs des sessions en r\u00e9gion 2024 2023 2022 2021 2024 Liste des auditeurs des sessions en r\u00e9gion 2024-2025 : T\u00e9l\u00e9charger la liste des auditeurs de la 236e session en r\u00e9gion Grand-Est T\u00e9l\u00e9charger la liste des auditeurs de la 237e session en Polyn\u00e9sie fran\u00e7aise 2023 Liste des auditeurs des sessions en r\u00e9gion 2023-2024 : T\u00e9l\u00e9charger [&hellip;]<\/p>\n","protected":false},"author":1,"featured_media":0,"parent":38412,"menu_order":0,"comment_status":"closed","ping_status":"closed","template":"","meta":{"footnotes":""},"class_list":["post-38554","page","type-page","status-publish","hentry"],"yoast_head":"<!-- This site is optimized with the Yoast SEO plugin v27.5 - https:\/\/yoast.com\/product\/yoast-seo-wordpress\/ -->\n<title>Les auditeurs des sessions en r\u00e9gion - L&#039;IHEDN : Institut des hautes \u00e9tudes de d\u00e9fense nationale<\/title>\n<meta name=\"robots\" content=\"index, follow, max-snippet:-1, max-image-preview:large, max-video-preview:-1\" \/>\n<link rel=\"canonical\" href=\"https:\/\/ihedn.fr\/en\/nos-auditeurs\/les-auditeurs-des-sessions-en-region\/\" \/>\n<meta property=\"og:locale\" content=\"en_GB\" \/>\n<meta property=\"og:type\" content=\"article\" \/>\n<meta property=\"og:title\" content=\"Les auditeurs des sessions en r\u00e9gion - L&#039;IHEDN : Institut des hautes \u00e9tudes de d\u00e9fense nationale\" \/>\n<meta property=\"og:description\" content=\"Les auditeurs des sessions en r\u00e9gion 2024 2023 2022 2021 2024 Liste des auditeurs des sessions en r\u00e9gion 2024-2025 : T\u00e9l\u00e9charger la liste des auditeurs de la 236e session en r\u00e9gion Grand-Est T\u00e9l\u00e9charger la liste des auditeurs de la 237e session en Polyn\u00e9sie fran\u00e7aise 2023 Liste des auditeurs des sessions en r\u00e9gion 2023-2024 : T\u00e9l\u00e9charger [&hellip;]\" \/>\n<meta property=\"og:url\" content=\"https:\/\/ihedn.fr\/en\/nos-auditeurs\/les-auditeurs-des-sessions-en-region\/\" \/>\n<meta property=\"og:site_name\" content=\"L&#039;IHEDN : Institut des hautes \u00e9tudes de d\u00e9fense nationale\" \/>\n<meta property=\"article:publisher\" content=\"https:\/\/www.facebook.com\/ihedn\/\" \/>\n<meta property=\"article:modified_time\" content=\"2024-07-16T08:45:26+00:00\" \/>\n<meta name=\"twitter:card\" content=\"summary_large_image\" \/>\n<meta name=\"twitter:site\" content=\"@IHEDN\" \/>\n<meta name=\"twitter:label1\" content=\"Estimated reading time\" \/>\n\t<meta name=\"twitter:data1\" content=\"2 minutes\" \/>\n<script type=\"application\/ld+json\" class=\"yoast-schema-graph\">{\"@context\":\"https:\\\/\\\/schema.org\",\"@graph\":[{\"@type\":\"WebPage\",\"@id\":\"https:\\\/\\\/ihedn.fr\\\/en\\\/nos-auditeurs\\\/les-auditeurs-des-sessions-en-region\\\/\",\"url\":\"https:\\\/\\\/ihedn.fr\\\/en\\\/nos-auditeurs\\\/les-auditeurs-des-sessions-en-region\\\/\",\"name\":\"Les auditeurs des sessions en r\u00e9gion - L&#039;IHEDN : Institut des hautes \u00e9tudes de d\u00e9fense nationale\",\"isPartOf\":{\"@id\":\"https:\\\/\\\/ihedn.fr\\\/#website\"},\"datePublished\":\"2023-04-14T09:58:28+00:00\",\"dateModified\":\"2024-07-16T08:45:26+00:00\",\"breadcrumb\":{\"@id\":\"https:\\\/\\\/ihedn.fr\\\/en\\\/nos-auditeurs\\\/les-auditeurs-des-sessions-en-region\\\/#breadcrumb\"},\"inLanguage\":\"en-GB\",\"potentialAction\":[{\"@type\":\"ReadAction\",\"target\":[\"https:\\\/\\\/ihedn.fr\\\/en\\\/nos-auditeurs\\\/les-auditeurs-des-sessions-en-region\\\/\"]}]},{\"@type\":\"BreadcrumbList\",\"@id\":\"https:\\\/\\\/ihedn.fr\\\/en\\\/nos-auditeurs\\\/les-auditeurs-des-sessions-en-region\\\/#breadcrumb\",\"itemListElement\":[{\"@type\":\"ListItem\",\"position\":1,\"name\":\"Accueil\",\"item\":\"https:\\\/\\\/ihedn.fr\\\/\"},{\"@type\":\"ListItem\",\"position\":2,\"name\":\"Nos auditeurs\",\"item\":\"https:\\\/\\\/ihedn.fr\\\/nos-auditeurs\\\/\"},{\"@type\":\"ListItem\",\"position\":3,\"name\":\"Les auditeurs des sessions en r\u00e9gion\"}]},{\"@type\":\"WebSite\",\"@id\":\"https:\\\/\\\/ihedn.fr\\\/#website\",\"url\":\"https:\\\/\\\/ihedn.fr\\\/\",\"name\":\"IHEDN : Institut des hautes \u00e9tudes de d\u00e9fense nationale |\",\"description\":\"Site officiel de l&#039;IHEDN plac\u00e9 sous la tutelle du Premier ministre.\",\"publisher\":{\"@id\":\"https:\\\/\\\/ihedn.fr\\\/#organization\"},\"potentialAction\":[{\"@type\":\"SearchAction\",\"target\":{\"@type\":\"EntryPoint\",\"urlTemplate\":\"https:\\\/\\\/ihedn.fr\\\/?s={search_term_string}\"},\"query-input\":{\"@type\":\"PropertyValueSpecification\",\"valueRequired\":true,\"valueName\":\"search_term_string\"}}],\"inLanguage\":\"en-GB\"},{\"@type\":\"Organization\",\"@id\":\"https:\\\/\\\/ihedn.fr\\\/#organization\",\"name\":\"IHEDN - Institut des Hautes Etudes de D\u00e9fense Nationale\",\"url\":\"https:\\\/\\\/ihedn.fr\\\/\",\"logo\":{\"@type\":\"ImageObject\",\"inLanguage\":\"en-GB\",\"@id\":\"https:\\\/\\\/ihedn.fr\\\/#\\\/schema\\\/logo\\\/image\\\/\",\"url\":\"https:\\\/\\\/ihedn.fr\\\/wp-content\\\/uploads\\\/2020\\\/11\\\/BLOC_RF_IHEDN_WEB.png\",\"contentUrl\":\"https:\\\/\\\/ihedn.fr\\\/wp-content\\\/uploads\\\/2020\\\/11\\\/BLOC_RF_IHEDN_WEB.png\",\"width\":500,\"height\":237,\"caption\":\"IHEDN - Institut des Hautes Etudes de D\u00e9fense Nationale\"},\"image\":{\"@id\":\"https:\\\/\\\/ihedn.fr\\\/#\\\/schema\\\/logo\\\/image\\\/\"},\"sameAs\":[\"https:\\\/\\\/www.facebook.com\\\/ihedn\\\/\",\"https:\\\/\\\/x.com\\\/IHEDN\",\"https:\\\/\\\/www.instagram.com\\\/ihedn\\\/\",\"https:\\\/\\\/www.linkedin.com\\\/school\\\/ihedn\\\/\",\"https:\\\/\\\/fr.wikipedia.org\\\/wiki\\\/Institut_des_hautes_\u00e9tudes_de_D\u00e9fense_nationale\"]}]}<\/script>\n<!-- \/ Yoast SEO plugin. -->","yoast_head_json":{"title":"Auditors at regional sessions - IHEDN: Institut des hautes \u00e9tudes de d\u00e9fense nationale (Institute for Advanced National Defence Studies)","robots":{"index":"index","follow":"follow","max-snippet":"max-snippet:-1","max-image-preview":"max-image-preview:large","max-video-preview":"max-video-preview:-1"},"canonical":"https:\/\/ihedn.fr\/en\/nos-auditeurs\/les-auditeurs-des-sessions-en-region\/","og_locale":"en_GB","og_type":"article","og_title":"Les auditeurs des sessions en r\u00e9gion - L&#039;IHEDN : Institut des hautes \u00e9tudes de d\u00e9fense nationale","og_description":"Les auditeurs des sessions en r\u00e9gion 2024 2023 2022 2021 2024 Liste des auditeurs des sessions en r\u00e9gion 2024-2025 : T\u00e9l\u00e9charger la liste des auditeurs de la 236e session en r\u00e9gion Grand-Est T\u00e9l\u00e9charger la liste des auditeurs de la 237e session en Polyn\u00e9sie fran\u00e7aise 2023 Liste des auditeurs des sessions en r\u00e9gion 2023-2024 : T\u00e9l\u00e9charger [&hellip;]","og_url":"https:\/\/ihedn.fr\/en\/nos-auditeurs\/les-auditeurs-des-sessions-en-region\/","og_site_name":"L&#039;IHEDN : Institut des hautes \u00e9tudes de d\u00e9fense nationale","article_publisher":"https:\/\/www.facebook.com\/ihedn\/","article_modified_time":"2024-07-16T08:45:26+00:00","twitter_card":"summary_large_image","twitter_site":"@IHEDN","twitter_misc":{"Estimated reading time":"2 minutes"},"schema":{"@context":"https:\/\/schema.org","@graph":[{"@type":"WebPage","@id":"https:\/\/ihedn.fr\/en\/nos-auditeurs\/les-auditeurs-des-sessions-en-region\/","url":"https:\/\/ihedn.fr\/en\/nos-auditeurs\/les-auditeurs-des-sessions-en-region\/","name":"Auditors at regional sessions - IHEDN: Institut des hautes \u00e9tudes de d\u00e9fense nationale (Institute for Advanced National Defence Studies)","isPartOf":{"@id":"https:\/\/ihedn.fr\/#website"},"datePublished":"2023-04-14T09:58:28+00:00","dateModified":"2024-07-16T08:45:26+00:00","breadcrumb":{"@id":"https:\/\/ihedn.fr\/en\/nos-auditeurs\/les-auditeurs-des-sessions-en-region\/#breadcrumb"},"inLanguage":"en-GB","potentialAction":[{"@type":"ReadAction","target":["https:\/\/ihedn.fr\/en\/nos-auditeurs\/les-auditeurs-des-sessions-en-region\/"]}]},{"@type":"BreadcrumbList","@id":"https:\/\/ihedn.fr\/en\/nos-auditeurs\/les-auditeurs-des-sessions-en-region\/#breadcrumb","itemListElement":[{"@type":"ListItem","position":1,"name":"Accueil","item":"https:\/\/ihedn.fr\/"},{"@type":"ListItem","position":2,"name":"Nos auditeurs","item":"https:\/\/ihedn.fr\/nos-auditeurs\/"},{"@type":"ListItem","position":3,"name":"Les auditeurs des sessions en r\u00e9gion"}]},{"@type":"WebSite","@id":"https:\/\/ihedn.fr\/#website","url":"https:\/\/ihedn.fr\/","name":"IHEDN: Institut des hautes \u00e9tudes de d\u00e9fense nationale (Institute for Higher National Defence Studies)","description":"Official website of the IHEDN under the supervision of the Prime Minister.","publisher":{"@id":"https:\/\/ihedn.fr\/#organization"},"potentialAction":[{"@type":"SearchAction","target":{"@type":"EntryPoint","urlTemplate":"https:\/\/ihedn.fr\/?s={search_term_string}"},"query-input":{"@type":"PropertyValueSpecification","valueRequired":true,"valueName":"search_term_string"}}],"inLanguage":"en-GB"},{"@type":"Organization","@id":"https:\/\/ihedn.fr\/#organization","name":"IHEDN - Institute for Higher National Defence Studies","url":"https:\/\/ihedn.fr\/","logo":{"@type":"ImageObject","inLanguage":"en-GB","@id":"https:\/\/ihedn.fr\/#\/schema\/logo\/image\/","url":"https:\/\/ihedn.fr\/wp-content\/uploads\/2020\/11\/BLOC_RF_IHEDN_WEB.png","contentUrl":"https:\/\/ihedn.fr\/wp-content\/uploads\/2020\/11\/BLOC_RF_IHEDN_WEB.png","width":500,"height":237,"caption":"IHEDN - Institut des Hautes Etudes de D\u00e9fense Nationale"},"image":{"@id":"https:\/\/ihedn.fr\/#\/schema\/logo\/image\/"},"sameAs":["https:\/\/www.facebook.com\/ihedn\/","https:\/\/x.com\/IHEDN","https:\/\/www.instagram.com\/ihedn\/","https:\/\/www.linkedin.com\/school\/ihedn\/","https:\/\/fr.wikipedia.org\/wiki\/Institut_des_hautes_\u00e9tudes_de_D\u00e9fense_nationale"]}]}},"publishpress_future_action":{"enabled":false,"date":"2026-05-06 05:08:03","action":"change-status","newStatus":"draft","terms":[],"taxonomy":"","extraData":[]},"publishpress_future_workflow_manual_trigger":{"enabledWorkflows":[]},"_links":{"self":[{"href":"https:\/\/ihedn.fr\/en\/wp-json\/wp\/v2\/pages\/38554","targetHints":{"allow":["GET"]}}],"collection":[{"href":"https:\/\/ihedn.fr\/en\/wp-json\/wp\/v2\/pages"}],"about":[{"href":"https:\/\/ihedn.fr\/en\/wp-json\/wp\/v2\/types\/page"}],"author":[{"embeddable":true,"href":"https:\/\/ihedn.fr\/en\/wp-json\/wp\/v2\/users\/1"}],"replies":[{"embeddable":true,"href":"https:\/\/ihedn.fr\/en\/wp-json\/wp\/v2\/comments?post=38554"}],"version-history":[{"count":83,"href":"https:\/\/ihedn.fr\/en\/wp-json\/wp\/v2\/pages\/38554\/revisions"}],"predecessor-version":[{"id":49046,"href":"https:\/\/ihedn.fr\/en\/wp-json\/wp\/v2\/pages\/38554\/revisions\/49046"}],"up":[{"embeddable":true,"href":"https:\/\/ihedn.fr\/en\/wp-json\/wp\/v2\/pages\/38412"}],"wp:attachment":[{"href":"https:\/\/ihedn.fr\/en\/wp-json\/wp\/v2\/media?parent=38554"}],"curies":[{"name":"wp","href":"https:\/\/api.w.org\/{rel}","templated":true}]}}