{"id":55000,"date":"2025-07-22T11:25:58","date_gmt":"2025-07-22T10:25:58","guid":{"rendered":"https:\/\/ihedn.fr\/?page_id=55000"},"modified":"2025-11-14T11:09:27","modified_gmt":"2025-11-14T10:09:27","slug":"stagiaire-assistant-administratif-pour-le-recrutement","status":"publish","type":"page","link":"https:\/\/ihedn.fr\/en\/nous-rejoindre\/stage\/stagiaire-assistant-administratif-pour-le-recrutement\/","title":{"rendered":"Trainee administrative assistant for recruitment"},"content":{"rendered":"<div data-elementor-type=\"wp-page\" data-elementor-id=\"55000\" class=\"elementor elementor-55000\" data-elementor-post-type=\"page\">\n\t\t\t\t<div data-particle_enable=\"false\" data-particle-mobile-disabled=\"false\" class=\"elementor-element elementor-element-009436b e-con-full e-flex e-con e-parent\" data-id=\"009436b\" data-element_type=\"container\" data-e-type=\"container\">\n\t\t\t\t<div class=\"elementor-element elementor-element-457d536 elementor-widget__width-inherit elementor-widget-tablet__width-initial elementor-widget elementor-widget-heading\" data-id=\"457d536\" data-element_type=\"widget\" data-e-type=\"widget\" data-widget_type=\"heading.default\">\n\t\t\t\t<div class=\"elementor-widget-container\">\n\t\t\t\t\t<h1 class=\"elementor-heading-title elementor-size-default\">Trainee administrative assistant for recruitment<\/h1>\t\t\t\t<\/div>\n\t\t\t\t<\/div>\n\t\t\t\t<div class=\"elementor-element elementor-element-5be0e03 elementor-widget-divider--view-line elementor-invisible elementor-widget elementor-widget-divider\" data-id=\"5be0e03\" data-element_type=\"widget\" data-e-type=\"widget\" data-settings=\"{&quot;_animation&quot;:&quot;fadeInUp&quot;,&quot;_animation_delay&quot;:100}\" data-widget_type=\"divider.default\">\n\t\t\t\t<div class=\"elementor-widget-container\">\n\t\t\t\t\t\t\t<div class=\"elementor-divider\">\n\t\t\t<span class=\"elementor-divider-separator\">\n\t\t\t\t\t\t<\/span>\n\t\t<\/div>\n\t\t\t\t\t\t<\/div>\n\t\t\t\t<\/div>\n\t\t\t\t<\/div>\n\t\t<div data-particle_enable=\"false\" data-particle-mobile-disabled=\"false\" class=\"elementor-element elementor-element-fa3ecfc e-flex e-con-boxed e-con e-parent\" data-id=\"fa3ecfc\" data-element_type=\"container\" data-e-type=\"container\">\n\t\t\t\t\t<div class=\"e-con-inner\">\n\t\t<div data-particle_enable=\"false\" data-particle-mobile-disabled=\"false\" class=\"elementor-element elementor-element-01bb0c5 e-con-full e-flex e-con e-child\" data-id=\"01bb0c5\" data-element_type=\"container\" data-e-type=\"container\">\n\t\t\t\t<div class=\"elementor-element elementor-element-a8e7961 elementor-widget elementor-widget-heading\" data-id=\"a8e7961\" data-element_type=\"widget\" data-e-type=\"widget\" data-widget_type=\"heading.default\">\n\t\t\t\t<div class=\"elementor-widget-container\">\n\t\t\t\t\t<h2 class=\"elementor-heading-title elementor-size-default\">Who are we?<\/h2>\t\t\t\t<\/div>\n\t\t\t\t<\/div>\n\t\t\t\t<div class=\"elementor-element elementor-element-33f9499 elementor-hidden-tablet elementor-widget-divider--view-line elementor-invisible elementor-widget elementor-widget-divider\" data-id=\"33f9499\" data-element_type=\"widget\" data-e-type=\"widget\" data-settings=\"{&quot;_animation&quot;:&quot;fadeInUp&quot;,&quot;_animation_delay&quot;:100}\" data-widget_type=\"divider.default\">\n\t\t\t\t<div class=\"elementor-widget-container\">\n\t\t\t\t\t\t\t<div class=\"elementor-divider\">\n\t\t\t<span class=\"elementor-divider-separator\">\n\t\t\t\t\t\t<\/span>\n\t\t<\/div>\n\t\t\t\t\t\t<\/div>\n\t\t\t\t<\/div>\n\t\t\t\t<\/div>\n\t\t\t\t<div class=\"elementor-element elementor-element-34e8caa elementor-widget elementor-widget-text-editor\" data-id=\"34e8caa\" data-element_type=\"widget\" data-e-type=\"widget\" data-widget_type=\"text-editor.default\">\n\t\t\t\t<div class=\"elementor-widget-container\">\n\t\t\t\t\t\t\t\t\t<div class=\"text-clamp--text\"><p style=\"text-align: left;\"><strong>Institute for Advanced Studies in National Defence<\/strong><\/p><p style=\"text-align: left;\">The Institut des hautes \u00e9tudes de d\u00e9fense nationale (IHEDN) is a national public administrative body under the supervision of the Prime Minister and, more specifically, of the Secr\u00e9tariat g\u00e9n\u00e9ral \u00e0 la d\u00e9fense et \u00e0 la s\u00e9curit\u00e9 nationale (SGDSN).<\/p><p style=\"text-align: left;\">The Institut des hautes \u00e9tudes de d\u00e9fense nationale (IHEDN) prepares leaders from all spheres of activity to assume the highest responsibilities by developing their understanding of national defence and security issues, their knowledge of related public policies, their perception of the interplay of players involved in their implementation, and their aptitude for strategic thinking. The training provided as part of the national session is designed to enable all students to grasp from the outset the cross-sectoral, interdisciplinary, interministerial, European and international dimensions of defence and security issues through a common foundation and in-depth study of 5 major areas (Armament and the Defence Economy, Economic Defence and Security, Maritime Issues and Strategies, Defence Policy, Digital Sovereignty and Cybersecurity).<\/p><\/div><div id=\"id-64954bf4869dd\" class=\"text-clamp--hiddentext fr-mt-2w\" tabindex=\"-1\"><p style=\"text-align: left;\">The IHEDN, working to build and disseminate a common defence culture, helps to forge lasting links between senior public and private, civilian and military officials.<\/p><\/div>\t\t\t\t\t\t\t\t<\/div>\n\t\t\t\t<\/div>\n\t\t\t\t\t<\/div>\n\t\t\t\t<\/div>\n\t\t<div data-particle_enable=\"false\" data-particle-mobile-disabled=\"false\" class=\"elementor-element elementor-element-8e12c73 e-flex e-con-boxed e-con e-parent\" data-id=\"8e12c73\" data-element_type=\"container\" data-e-type=\"container\">\n\t\t\t\t\t<div class=\"e-con-inner\">\n\t\t<div data-particle_enable=\"false\" data-particle-mobile-disabled=\"false\" class=\"elementor-element elementor-element-99d3b17 e-con-full e-flex e-con e-child\" data-id=\"99d3b17\" data-element_type=\"container\" data-e-type=\"container\">\n\t\t\t\t<div class=\"elementor-element elementor-element-9571db0 elementor-widget elementor-widget-heading\" data-id=\"9571db0\" data-element_type=\"widget\" data-e-type=\"widget\" data-widget_type=\"heading.default\">\n\t\t\t\t<div class=\"elementor-widget-container\">\n\t\t\t\t\t<h2 class=\"elementor-heading-title elementor-size-default\">Job description<\/h2>\t\t\t\t<\/div>\n\t\t\t\t<\/div>\n\t\t\t\t<div class=\"elementor-element elementor-element-c7ad3f9 elementor-hidden-tablet elementor-widget-divider--view-line elementor-invisible elementor-widget elementor-widget-divider\" data-id=\"c7ad3f9\" data-element_type=\"widget\" data-e-type=\"widget\" data-settings=\"{&quot;_animation&quot;:&quot;fadeInUp&quot;,&quot;_animation_delay&quot;:100}\" data-widget_type=\"divider.default\">\n\t\t\t\t<div class=\"elementor-widget-container\">\n\t\t\t\t\t\t\t<div class=\"elementor-divider\">\n\t\t\t<span class=\"elementor-divider-separator\">\n\t\t\t\t\t\t<\/span>\n\t\t<\/div>\n\t\t\t\t\t\t<\/div>\n\t\t\t\t<\/div>\n\t\t\t\t<\/div>\n\t\t\t\t<div class=\"elementor-element elementor-element-5f4dac1 elementor-widget elementor-widget-text-editor\" data-id=\"5f4dac1\" data-element_type=\"widget\" data-e-type=\"widget\" data-widget_type=\"text-editor.default\">\n\t\t\t\t<div class=\"elementor-widget-container\">\n\t\t\t\t\t\t\t\t\t<div class=\"text-clamp--text\"><p style=\"text-align: left;\"><strong>Main activities<\/strong><\/p><\/div>\t\t\t\t\t\t\t\t<\/div>\n\t\t\t\t<\/div>\n\t\t\t\t<div class=\"elementor-element elementor-element-59b3dd7 elementor-widget elementor-widget-text-editor\" data-id=\"59b3dd7\" data-element_type=\"widget\" data-e-type=\"widget\" data-widget_type=\"text-editor.default\">\n\t\t\t\t<div class=\"elementor-widget-container\">\n\t\t\t\t\t\t\t\t\t<div class=\"text-clamp--text\"><p style=\"text-align: left;\">Under the authority of the deputy head of department.\u00a0<\/p><\/div>\t\t\t\t\t\t\t\t<\/div>\n\t\t\t\t<\/div>\n\t\t\t\t<div class=\"elementor-element elementor-element-8385b25 elementor-widget elementor-widget-text-editor\" data-id=\"8385b25\" data-element_type=\"widget\" data-e-type=\"widget\" data-widget_type=\"text-editor.default\">\n\t\t\t\t<div class=\"elementor-widget-container\">\n\t\t\t\t\t\t\t\t\t<div class=\"text-clamp--text fr-mb-3w\"><p><strong>Participation in the auditor recruitment campaign:<\/strong><\/p><ul><li>verification of application files;<\/li><li>data extraction and formatting;<\/li><li>breakdown by age group;<\/li><li>compilation of jury files.<\/li><\/ul><p>\u00a0<\/p><p><strong>Support for jury preparation:<\/strong><\/p><ul><li>discussions with candidates;<\/li><li>compilation of files.<\/li><li style=\"list-style-type: none;\"><ul><li style=\"list-style-type: none;\">\u00a0<\/li><\/ul><\/li><\/ul><\/div>\t\t\t\t\t\t\t\t<\/div>\n\t\t\t\t<\/div>\n\t\t\t\t<div class=\"elementor-element elementor-element-45f3089 elementor-widget elementor-widget-text-editor\" data-id=\"45f3089\" data-element_type=\"widget\" data-e-type=\"widget\" data-widget_type=\"text-editor.default\">\n\t\t\t\t<div class=\"elementor-widget-container\">\n\t\t\t\t\t\t\t\t\t<div class=\"text-clamp--text\"><p style=\"text-align: left;\">Where applicable, additional tasks may be assigned depending on the current events of the session.<\/p><\/div>\t\t\t\t\t\t\t\t<\/div>\n\t\t\t\t<\/div>\n\t\t\t\t\t<\/div>\n\t\t\t\t<\/div>\n\t\t<div data-particle_enable=\"false\" data-particle-mobile-disabled=\"false\" class=\"elementor-element elementor-element-7f40074 e-flex e-con-boxed e-con e-parent\" data-id=\"7f40074\" data-element_type=\"container\" data-e-type=\"container\">\n\t\t\t\t\t<div class=\"e-con-inner\">\n\t\t<div data-particle_enable=\"false\" data-particle-mobile-disabled=\"false\" class=\"elementor-element elementor-element-00c6ee6 e-con-full e-flex e-con e-child\" data-id=\"00c6ee6\" data-element_type=\"container\" data-e-type=\"container\">\n\t\t\t\t<div class=\"elementor-element elementor-element-d77f835 elementor-widget elementor-widget-heading\" data-id=\"d77f835\" data-element_type=\"widget\" data-e-type=\"widget\" data-widget_type=\"heading.default\">\n\t\t\t\t<div class=\"elementor-widget-container\">\n\t\t\t\t\t<h2 class=\"elementor-heading-title elementor-size-default\">Expected skills\n<\/h2>\t\t\t\t<\/div>\n\t\t\t\t<\/div>\n\t\t\t\t<div class=\"elementor-element elementor-element-c366c22 elementor-hidden-tablet elementor-widget-divider--view-line elementor-invisible elementor-widget elementor-widget-divider\" data-id=\"c366c22\" data-element_type=\"widget\" data-e-type=\"widget\" data-settings=\"{&quot;_animation&quot;:&quot;fadeInUp&quot;,&quot;_animation_delay&quot;:100}\" data-widget_type=\"divider.default\">\n\t\t\t\t<div class=\"elementor-widget-container\">\n\t\t\t\t\t\t\t<div class=\"elementor-divider\">\n\t\t\t<span class=\"elementor-divider-separator\">\n\t\t\t\t\t\t<\/span>\n\t\t<\/div>\n\t\t\t\t\t\t<\/div>\n\t\t\t\t<\/div>\n\t\t\t\t<\/div>\n\t\t\t\t<div class=\"elementor-element elementor-element-071544d elementor-widget elementor-widget-text-editor\" data-id=\"071544d\" data-element_type=\"widget\" data-e-type=\"widget\" data-widget_type=\"text-editor.default\">\n\t\t\t\t<div class=\"elementor-widget-container\">\n\t\t\t\t\t\t\t\t\t<div class=\"text-clamp--text\"><ul><li>ability to collect, cross-check, classify, process and disseminate information;<\/li><li>method and rigour;<\/li><li>autonomy, initiative and sense of responsibility;<\/li><li>proficiency in office software (Word, Excel). ;<\/li><li>punctuality and availability;<\/li><li>discretion.<\/li><\/ul><\/div>\t\t\t\t\t\t\t\t<\/div>\n\t\t\t\t<\/div>\n\t\t\t\t\t<\/div>\n\t\t\t\t<\/div>\n\t\t<div data-particle_enable=\"false\" data-particle-mobile-disabled=\"false\" class=\"elementor-element elementor-element-94f657b e-flex e-con-boxed e-con e-parent\" data-id=\"94f657b\" data-element_type=\"container\" data-e-type=\"container\">\n\t\t\t\t\t<div class=\"e-con-inner\">\n\t\t<div data-particle_enable=\"false\" data-particle-mobile-disabled=\"false\" class=\"elementor-element elementor-element-b0c51bd e-con-full e-flex e-con e-child\" data-id=\"b0c51bd\" data-element_type=\"container\" data-e-type=\"container\">\n\t\t\t\t<div class=\"elementor-element elementor-element-8a67cd5 elementor-widget elementor-widget-heading\" data-id=\"8a67cd5\" data-element_type=\"widget\" data-e-type=\"widget\" data-widget_type=\"heading.default\">\n\t\t\t\t<div class=\"elementor-widget-container\">\n\t\t\t\t\t<h2 class=\"elementor-heading-title elementor-size-default\">Profile required<\/h2>\t\t\t\t<\/div>\n\t\t\t\t<\/div>\n\t\t\t\t<div class=\"elementor-element elementor-element-0958266 elementor-hidden-tablet elementor-widget-divider--view-line elementor-invisible elementor-widget elementor-widget-divider\" data-id=\"0958266\" data-element_type=\"widget\" data-e-type=\"widget\" data-settings=\"{&quot;_animation&quot;:&quot;fadeInUp&quot;,&quot;_animation_delay&quot;:100}\" data-widget_type=\"divider.default\">\n\t\t\t\t<div class=\"elementor-widget-container\">\n\t\t\t\t\t\t\t<div class=\"elementor-divider\">\n\t\t\t<span class=\"elementor-divider-separator\">\n\t\t\t\t\t\t<\/span>\n\t\t<\/div>\n\t\t\t\t\t\t<\/div>\n\t\t\t\t<\/div>\n\t\t\t\t<\/div>\n\t\t\t\t<div class=\"elementor-element elementor-element-2199794 elementor-widget elementor-widget-text-editor\" data-id=\"2199794\" data-element_type=\"widget\" data-e-type=\"widget\" data-widget_type=\"text-editor.default\">\n\t\t\t\t<div class=\"elementor-widget-container\">\n\t\t\t\t\t\t\t\t\t<div class=\"text-clamp--text\"><p style=\"text-align: left;\">Holder of a vocational baccalaureate or student enrolled in a BTS\/DUT programme in business and administration management or equivalent, with good interpersonal skills and a neat appearance.\u00a0<\/p><\/div>\t\t\t\t\t\t\t\t<\/div>\n\t\t\t\t<\/div>\n\t\t\t\t\t<\/div>\n\t\t\t\t<\/div>\n\t\t<div data-particle_enable=\"false\" data-particle-mobile-disabled=\"false\" class=\"elementor-element elementor-element-df2bb62 e-flex e-con-boxed e-con e-parent\" data-id=\"df2bb62\" data-element_type=\"container\" data-e-type=\"container\">\n\t\t\t\t\t<div class=\"e-con-inner\">\n\t\t\t\t<div class=\"elementor-element elementor-element-1d0e7d2 elementor-widget elementor-widget-text-editor\" data-id=\"1d0e7d2\" data-element_type=\"widget\" data-e-type=\"widget\" data-widget_type=\"text-editor.default\">\n\t\t\t\t<div class=\"elementor-widget-container\">\n\t\t\t\t\t\t\t\t\t<p style=\"text-align: center;\">See the advert on\u00a0<a href=\"https:\/\/www.pass.fonction-publique.gouv.fr\/offre\/ihedn-assistant-administratif-pour-le-recrutement\" target=\"_blank\" rel=\"noopener\"><strong>the civil service portal<\/strong><\/a><\/p><p style=\"text-align: center;\">or apply to<\/p><p style=\"text-align: center;\"><a class=\"mailto\" href=\"mailto:brh@ihedn.fr\" target=\"_blank\" rel=\"noopener\" data-extlink=\"\" data-once=\"contactOffreMailLinkSendEvent\">brh@ihedn.fr<\/a><\/p>\t\t\t\t\t\t\t\t<\/div>\n\t\t\t\t<\/div>\n\t\t\t\t\t<\/div>\n\t\t\t\t<\/div>\n\t\t\t\t<\/div>","protected":false},"excerpt":{"rendered":"<p>Stagiaire assistant administratif pour le recrutement Qui sommes-nous ? L\u2019Institut des hautes \u00e9tudes de d\u00e9fense nationale \u00c9tablissement public national \u00e0 caract\u00e8re administratif, l\u2019Institut des hautes \u00e9tudes de d\u00e9fense nationale (IHEDN) est plac\u00e9 sous la tutelle de la Premi\u00e8re ministre et plus particuli\u00e8rement du Secr\u00e9tariat g\u00e9n\u00e9ral \u00e0 la d\u00e9fense et \u00e0 la s\u00e9curit\u00e9 nationale (SGDSN). L\u2019Institut [&hellip;]<\/p>\n","protected":false},"author":10,"featured_media":0,"parent":40610,"menu_order":0,"comment_status":"closed","ping_status":"closed","template":"","meta":{"footnotes":""},"class_list":["post-55000","page","type-page","status-publish","hentry"],"yoast_head":"<!-- This site is optimized with the Yoast SEO plugin v27.5 - https:\/\/yoast.com\/product\/yoast-seo-wordpress\/ -->\n<title>Stagiaire assistant administratif pour le recrutement - L&#039;IHEDN : Institut des hautes \u00e9tudes de d\u00e9fense nationale<\/title>\n<meta name=\"description\" content=\"L&#039;institut des hautes \u00e9tudes de d\u00e9fense nationale (IHEDN) recherche son ou sa futur(e) stagiaire majeure Politique de D\u00e9fense D\u00e9partement de la Session Nationale IHEDN\" \/>\n<meta name=\"robots\" content=\"index, follow, max-snippet:-1, max-image-preview:large, max-video-preview:-1\" \/>\n<link rel=\"canonical\" href=\"https:\/\/ihedn.fr\/en\/nous-rejoindre\/stage\/stagiaire-assistant-administratif-pour-le-recrutement\/\" \/>\n<meta property=\"og:locale\" content=\"en_GB\" \/>\n<meta property=\"og:type\" content=\"article\" \/>\n<meta property=\"og:title\" content=\"Stagiaire assistant administratif pour le recrutement\" \/>\n<meta property=\"og:description\" content=\"L&#039;institut des hautes \u00e9tudes de d\u00e9fense nationale (IHEDN) recherche son ou sa futur(e) stagiaire majeure Politique de D\u00e9fense D\u00e9partement de la Session Nationale IHEDN\" \/>\n<meta property=\"og:url\" content=\"https:\/\/ihedn.fr\/en\/nous-rejoindre\/stage\/stagiaire-assistant-administratif-pour-le-recrutement\/\" \/>\n<meta property=\"og:site_name\" content=\"L&#039;IHEDN : Institut des hautes \u00e9tudes de d\u00e9fense nationale\" \/>\n<meta property=\"article:publisher\" content=\"https:\/\/www.facebook.com\/ihedn\/\" \/>\n<meta property=\"article:modified_time\" content=\"2025-11-14T10:09:27+00:00\" \/>\n<meta name=\"twitter:card\" content=\"summary_large_image\" \/>\n<meta name=\"twitter:title\" content=\"Stagiaire assistant administratif pour le recrutement\" \/>\n<meta name=\"twitter:description\" content=\"L&#039;institut des hautes \u00e9tudes de d\u00e9fense nationale (IHEDN) recherche son ou sa futur(e) stagiaire majeure Politique de D\u00e9fense D\u00e9partement de la Session Nationale IHEDN\" \/>\n<meta name=\"twitter:site\" content=\"@IHEDN\" \/>\n<meta name=\"twitter:label1\" content=\"Estimated reading time\" \/>\n\t<meta name=\"twitter:data1\" content=\"2 minutes\" \/>\n<script type=\"application\/ld+json\" class=\"yoast-schema-graph\">{\"@context\":\"https:\\\/\\\/schema.org\",\"@graph\":[{\"@type\":\"WebPage\",\"@id\":\"https:\\\/\\\/ihedn.fr\\\/nous-rejoindre\\\/stage\\\/stagiaire-assistant-administratif-pour-le-recrutement\\\/\",\"url\":\"https:\\\/\\\/ihedn.fr\\\/nous-rejoindre\\\/stage\\\/stagiaire-assistant-administratif-pour-le-recrutement\\\/\",\"name\":\"Stagiaire assistant administratif pour le recrutement - L&#039;IHEDN : Institut des hautes \u00e9tudes de d\u00e9fense nationale\",\"isPartOf\":{\"@id\":\"https:\\\/\\\/ihedn.fr\\\/#website\"},\"datePublished\":\"2025-07-22T10:25:58+00:00\",\"dateModified\":\"2025-11-14T10:09:27+00:00\",\"description\":\"L'institut des hautes \u00e9tudes de d\u00e9fense nationale (IHEDN) recherche son ou sa futur(e) stagiaire majeure Politique de D\u00e9fense D\u00e9partement de la Session Nationale IHEDN\",\"breadcrumb\":{\"@id\":\"https:\\\/\\\/ihedn.fr\\\/nous-rejoindre\\\/stage\\\/stagiaire-assistant-administratif-pour-le-recrutement\\\/#breadcrumb\"},\"inLanguage\":\"en-GB\",\"potentialAction\":[{\"@type\":\"ReadAction\",\"target\":[\"https:\\\/\\\/ihedn.fr\\\/nous-rejoindre\\\/stage\\\/stagiaire-assistant-administratif-pour-le-recrutement\\\/\"]}]},{\"@type\":\"BreadcrumbList\",\"@id\":\"https:\\\/\\\/ihedn.fr\\\/nous-rejoindre\\\/stage\\\/stagiaire-assistant-administratif-pour-le-recrutement\\\/#breadcrumb\",\"itemListElement\":[{\"@type\":\"ListItem\",\"position\":1,\"name\":\"Accueil\",\"item\":\"https:\\\/\\\/ihedn.fr\\\/\"},{\"@type\":\"ListItem\",\"position\":2,\"name\":\"Annonces d&#8217;emploi\",\"item\":\"https:\\\/\\\/ihedn.fr\\\/nous-rejoindre\\\/\"},{\"@type\":\"ListItem\",\"position\":3,\"name\":\"Stage\",\"item\":\"https:\\\/\\\/ihedn.fr\\\/nous-rejoindre\\\/stage\\\/\"},{\"@type\":\"ListItem\",\"position\":4,\"name\":\"Stagiaire assistant administratif pour le recrutement\"}]},{\"@type\":\"WebSite\",\"@id\":\"https:\\\/\\\/ihedn.fr\\\/#website\",\"url\":\"https:\\\/\\\/ihedn.fr\\\/\",\"name\":\"IHEDN : Institut des hautes \u00e9tudes de d\u00e9fense nationale |\",\"description\":\"Site officiel de l&#039;IHEDN plac\u00e9 sous la tutelle du Premier ministre.\",\"publisher\":{\"@id\":\"https:\\\/\\\/ihedn.fr\\\/#organization\"},\"potentialAction\":[{\"@type\":\"SearchAction\",\"target\":{\"@type\":\"EntryPoint\",\"urlTemplate\":\"https:\\\/\\\/ihedn.fr\\\/?s={search_term_string}\"},\"query-input\":{\"@type\":\"PropertyValueSpecification\",\"valueRequired\":true,\"valueName\":\"search_term_string\"}}],\"inLanguage\":\"en-GB\"},{\"@type\":\"Organization\",\"@id\":\"https:\\\/\\\/ihedn.fr\\\/#organization\",\"name\":\"IHEDN - Institut des Hautes Etudes de D\u00e9fense Nationale\",\"url\":\"https:\\\/\\\/ihedn.fr\\\/\",\"logo\":{\"@type\":\"ImageObject\",\"inLanguage\":\"en-GB\",\"@id\":\"https:\\\/\\\/ihedn.fr\\\/#\\\/schema\\\/logo\\\/image\\\/\",\"url\":\"https:\\\/\\\/ihedn.fr\\\/wp-content\\\/uploads\\\/2020\\\/11\\\/BLOC_RF_IHEDN_WEB.png\",\"contentUrl\":\"https:\\\/\\\/ihedn.fr\\\/wp-content\\\/uploads\\\/2020\\\/11\\\/BLOC_RF_IHEDN_WEB.png\",\"width\":500,\"height\":237,\"caption\":\"IHEDN - Institut des Hautes Etudes de D\u00e9fense Nationale\"},\"image\":{\"@id\":\"https:\\\/\\\/ihedn.fr\\\/#\\\/schema\\\/logo\\\/image\\\/\"},\"sameAs\":[\"https:\\\/\\\/www.facebook.com\\\/ihedn\\\/\",\"https:\\\/\\\/x.com\\\/IHEDN\",\"https:\\\/\\\/www.instagram.com\\\/ihedn\\\/\",\"https:\\\/\\\/www.linkedin.com\\\/school\\\/ihedn\\\/\",\"https:\\\/\\\/fr.wikipedia.org\\\/wiki\\\/Institut_des_hautes_\u00e9tudes_de_D\u00e9fense_nationale\"]}]}<\/script>\n<!-- \/ Yoast SEO plugin. -->","yoast_head_json":{"title":"Stagiaire assistant administratif pour le recrutement - L&#039;IHEDN : Institut des hautes \u00e9tudes de d\u00e9fense nationale","description":"The Institut des hautes \u00e9tudes de d\u00e9fense nationale (IHEDN) is looking for a future trainee for a major in Defence Policy National Session Department IHEDN","robots":{"index":"index","follow":"follow","max-snippet":"max-snippet:-1","max-image-preview":"max-image-preview:large","max-video-preview":"max-video-preview:-1"},"canonical":"https:\/\/ihedn.fr\/en\/nous-rejoindre\/stage\/stagiaire-assistant-administratif-pour-le-recrutement\/","og_locale":"en_GB","og_type":"article","og_title":"Stagiaire assistant administratif pour le recrutement","og_description":"L'institut des hautes \u00e9tudes de d\u00e9fense nationale (IHEDN) recherche son ou sa futur(e) stagiaire majeure Politique de D\u00e9fense D\u00e9partement de la Session Nationale IHEDN","og_url":"https:\/\/ihedn.fr\/en\/nous-rejoindre\/stage\/stagiaire-assistant-administratif-pour-le-recrutement\/","og_site_name":"L&#039;IHEDN : Institut des hautes \u00e9tudes de d\u00e9fense nationale","article_publisher":"https:\/\/www.facebook.com\/ihedn\/","article_modified_time":"2025-11-14T10:09:27+00:00","twitter_card":"summary_large_image","twitter_title":"Stagiaire assistant administratif pour le recrutement","twitter_description":"L'institut des hautes \u00e9tudes de d\u00e9fense nationale (IHEDN) recherche son ou sa futur(e) stagiaire majeure Politique de D\u00e9fense D\u00e9partement de la Session Nationale IHEDN","twitter_site":"@IHEDN","twitter_misc":{"Estimated reading time":"2 minutes"},"schema":{"@context":"https:\/\/schema.org","@graph":[{"@type":"WebPage","@id":"https:\/\/ihedn.fr\/nous-rejoindre\/stage\/stagiaire-assistant-administratif-pour-le-recrutement\/","url":"https:\/\/ihedn.fr\/nous-rejoindre\/stage\/stagiaire-assistant-administratif-pour-le-recrutement\/","name":"Stagiaire assistant administratif pour le recrutement - L&#039;IHEDN : Institut des hautes \u00e9tudes de d\u00e9fense nationale","isPartOf":{"@id":"https:\/\/ihedn.fr\/#website"},"datePublished":"2025-07-22T10:25:58+00:00","dateModified":"2025-11-14T10:09:27+00:00","description":"The Institut des hautes \u00e9tudes de d\u00e9fense nationale (IHEDN) is looking for a future trainee for a major in Defence Policy National Session Department IHEDN","breadcrumb":{"@id":"https:\/\/ihedn.fr\/nous-rejoindre\/stage\/stagiaire-assistant-administratif-pour-le-recrutement\/#breadcrumb"},"inLanguage":"en-GB","potentialAction":[{"@type":"ReadAction","target":["https:\/\/ihedn.fr\/nous-rejoindre\/stage\/stagiaire-assistant-administratif-pour-le-recrutement\/"]}]},{"@type":"BreadcrumbList","@id":"https:\/\/ihedn.fr\/nous-rejoindre\/stage\/stagiaire-assistant-administratif-pour-le-recrutement\/#breadcrumb","itemListElement":[{"@type":"ListItem","position":1,"name":"Accueil","item":"https:\/\/ihedn.fr\/"},{"@type":"ListItem","position":2,"name":"Annonces d&#8217;emploi","item":"https:\/\/ihedn.fr\/nous-rejoindre\/"},{"@type":"ListItem","position":3,"name":"Stage","item":"https:\/\/ihedn.fr\/nous-rejoindre\/stage\/"},{"@type":"ListItem","position":4,"name":"Stagiaire assistant administratif pour le recrutement"}]},{"@type":"WebSite","@id":"https:\/\/ihedn.fr\/#website","url":"https:\/\/ihedn.fr\/","name":"IHEDN: Institut des hautes \u00e9tudes de d\u00e9fense nationale (Institute for Higher National Defence Studies)","description":"Official website of the IHEDN under the supervision of the Prime Minister.","publisher":{"@id":"https:\/\/ihedn.fr\/#organization"},"potentialAction":[{"@type":"SearchAction","target":{"@type":"EntryPoint","urlTemplate":"https:\/\/ihedn.fr\/?s={search_term_string}"},"query-input":{"@type":"PropertyValueSpecification","valueRequired":true,"valueName":"search_term_string"}}],"inLanguage":"en-GB"},{"@type":"Organization","@id":"https:\/\/ihedn.fr\/#organization","name":"IHEDN - Institute for Higher National Defence Studies","url":"https:\/\/ihedn.fr\/","logo":{"@type":"ImageObject","inLanguage":"en-GB","@id":"https:\/\/ihedn.fr\/#\/schema\/logo\/image\/","url":"https:\/\/ihedn.fr\/wp-content\/uploads\/2020\/11\/BLOC_RF_IHEDN_WEB.png","contentUrl":"https:\/\/ihedn.fr\/wp-content\/uploads\/2020\/11\/BLOC_RF_IHEDN_WEB.png","width":500,"height":237,"caption":"IHEDN - Institut des Hautes Etudes de D\u00e9fense Nationale"},"image":{"@id":"https:\/\/ihedn.fr\/#\/schema\/logo\/image\/"},"sameAs":["https:\/\/www.facebook.com\/ihedn\/","https:\/\/x.com\/IHEDN","https:\/\/www.instagram.com\/ihedn\/","https:\/\/www.linkedin.com\/school\/ihedn\/","https:\/\/fr.wikipedia.org\/wiki\/Institut_des_hautes_\u00e9tudes_de_D\u00e9fense_nationale"]}]}},"publishpress_future_action":{"enabled":false,"date":"2026-05-08 16:53:13","action":"change-status","newStatus":"draft","terms":[],"taxonomy":"","extraData":[]},"publishpress_future_workflow_manual_trigger":{"enabledWorkflows":[]},"_links":{"self":[{"href":"https:\/\/ihedn.fr\/en\/wp-json\/wp\/v2\/pages\/55000","targetHints":{"allow":["GET"]}}],"collection":[{"href":"https:\/\/ihedn.fr\/en\/wp-json\/wp\/v2\/pages"}],"about":[{"href":"https:\/\/ihedn.fr\/en\/wp-json\/wp\/v2\/types\/page"}],"author":[{"embeddable":true,"href":"https:\/\/ihedn.fr\/en\/wp-json\/wp\/v2\/users\/10"}],"replies":[{"embeddable":true,"href":"https:\/\/ihedn.fr\/en\/wp-json\/wp\/v2\/comments?post=55000"}],"version-history":[{"count":11,"href":"https:\/\/ihedn.fr\/en\/wp-json\/wp\/v2\/pages\/55000\/revisions"}],"predecessor-version":[{"id":56702,"href":"https:\/\/ihedn.fr\/en\/wp-json\/wp\/v2\/pages\/55000\/revisions\/56702"}],"up":[{"embeddable":true,"href":"https:\/\/ihedn.fr\/en\/wp-json\/wp\/v2\/pages\/40610"}],"wp:attachment":[{"href":"https:\/\/ihedn.fr\/en\/wp-json\/wp\/v2\/media?parent=55000"}],"curies":[{"name":"wp","href":"https:\/\/api.w.org\/{rel}","templated":true}]}}