{"id":57068,"date":"2025-11-28T13:57:45","date_gmt":"2025-11-28T12:57:45","guid":{"rendered":"https:\/\/ihedn.fr\/?page_id=57068"},"modified":"2025-11-28T13:58:31","modified_gmt":"2025-11-28T12:58:31","slug":"defi-hivernal-dathena","status":"publish","type":"page","link":"https:\/\/ihedn.fr\/en\/defi-hivernal-dathena\/","title":{"rendered":"Athena's Winter Challenge"},"content":{"rendered":"<div data-elementor-type=\"wp-page\" data-elementor-id=\"57068\" class=\"elementor elementor-57068\" data-elementor-post-type=\"page\">\n\t\t\t\t<div data-particle_enable=\"false\" data-particle-mobile-disabled=\"false\" class=\"elementor-element elementor-element-e31cd68 e-con-full e-flex e-con e-child\" data-id=\"e31cd68\" data-element_type=\"container\" data-e-type=\"container\">\n\t\t\t\t<div class=\"elementor-element elementor-element-0a934c9 elementor-widget__width-inherit elementor-widget-tablet__width-initial elementor-widget elementor-widget-heading\" data-id=\"0a934c9\" data-element_type=\"widget\" data-e-type=\"widget\" data-widget_type=\"heading.default\">\n\t\t\t\t<div class=\"elementor-widget-container\">\n\t\t\t\t\t<h1 class=\"elementor-heading-title elementor-size-default\">Athena's winter challenge<\/h1>\t\t\t\t<\/div>\n\t\t\t\t<\/div>\n\t\t\t\t<div class=\"elementor-element elementor-element-a0a5aa9 elementor-widget-divider--view-line elementor-invisible elementor-widget elementor-widget-divider\" data-id=\"a0a5aa9\" data-element_type=\"widget\" data-e-type=\"widget\" data-settings=\"{&quot;_animation&quot;:&quot;fadeInUp&quot;,&quot;_animation_delay&quot;:100}\" data-widget_type=\"divider.default\">\n\t\t\t\t<div class=\"elementor-widget-container\">\n\t\t\t\t\t\t\t<div class=\"elementor-divider\">\n\t\t\t<span class=\"elementor-divider-separator\">\n\t\t\t\t\t\t<\/span>\n\t\t<\/div>\n\t\t\t\t\t\t<\/div>\n\t\t\t\t<\/div>\n\t\t\t\t<div class=\"elementor-element elementor-element-2e4afb4 elementor-widget elementor-widget-heading\" data-id=\"2e4afb4\" data-element_type=\"widget\" data-e-type=\"widget\" data-widget_type=\"heading.default\">\n\t\t\t\t<div class=\"elementor-widget-container\">\n\t\t\t\t\t<h4 class=\"elementor-heading-title elementor-size-default\">Ready to take on the challenge?<\/h4>\t\t\t\t<\/div>\n\t\t\t\t<\/div>\n\t\t\t\t<\/div>\n\t\t<div data-particle_enable=\"false\" data-particle-mobile-disabled=\"false\" class=\"elementor-element elementor-element-b74bd0f e-flex e-con-boxed e-con e-parent\" data-id=\"b74bd0f\" data-element_type=\"container\" data-e-type=\"container\">\n\t\t\t\t\t<div class=\"e-con-inner\">\n\t\t\t\t<div class=\"elementor-element elementor-element-98d51cb elementor-widget elementor-widget-image\" data-id=\"98d51cb\" data-element_type=\"widget\" data-e-type=\"widget\" data-widget_type=\"image.default\">\n\t\t\t\t<div class=\"elementor-widget-container\">\n\t\t\t\t\t\t\t\t\t\t\t\t\t\t\t<img fetchpriority=\"high\" decoding=\"async\" width=\"1920\" height=\"1080\" src=\"https:\/\/ihedn.fr\/wp-content\/uploads\/2025\/11\/Le-defis-hivernal-dAthena_site_internet.jpg\" class=\"attachment-full size-full wp-image-57139\" alt=\"Le d\u00e9fi hivernal d&#039;Ath\u00e9na\" srcset=\"https:\/\/ihedn.fr\/wp-content\/uploads\/2025\/11\/Le-defis-hivernal-dAthena_site_internet.jpg 1920w, https:\/\/ihedn.fr\/wp-content\/uploads\/2025\/11\/Le-defis-hivernal-dAthena_site_internet-1536x864.jpg 1536w, https:\/\/ihedn.fr\/wp-content\/uploads\/2025\/11\/Le-defis-hivernal-dAthena_site_internet-18x10.jpg 18w\" sizes=\"(max-width: 1920px) 100vw, 1920px\" \/>\t\t\t\t\t\t\t\t\t\t\t\t\t\t\t<\/div>\n\t\t\t\t<\/div>\n\t\t\t\t<div class=\"elementor-element elementor-element-866b989 elementor-widget elementor-widget-spacer\" data-id=\"866b989\" data-element_type=\"widget\" data-e-type=\"widget\" data-widget_type=\"spacer.default\">\n\t\t\t\t<div class=\"elementor-widget-container\">\n\t\t\t\t\t\t\t<div class=\"elementor-spacer\">\n\t\t\t<div class=\"elementor-spacer-inner\"><\/div>\n\t\t<\/div>\n\t\t\t\t\t\t<\/div>\n\t\t\t\t<\/div>\n\t\t\t\t<div class=\"elementor-element elementor-element-d3231bf elementor-widget elementor-widget-text-editor\" data-id=\"d3231bf\" data-element_type=\"widget\" data-e-type=\"widget\" data-widget_type=\"text-editor.default\">\n\t\t\t\t<div class=\"elementor-widget-container\">\n\t\t\t\t\t\t\t\t\t<p><strong>IHEDN offers you its strategic countdown to decipher the world! Following the success of our \u00abAthena at the beach\u00bb campaigns\u00bb<\/strong>, This year, IHEDN is launching the <strong>Athena's Winter Challenge<\/strong>, a daily competition to sharpen your strategic thinking and analytical skills.<\/p>\t\t\t\t\t\t\t\t<\/div>\n\t\t\t\t<\/div>\n\t\t\t\t<div class=\"elementor-element elementor-element-62cfba9 elementor-widget elementor-widget-text-editor\" data-id=\"62cfba9\" data-element_type=\"widget\" data-e-type=\"widget\" data-widget_type=\"text-editor.default\">\n\t\t\t\t<div class=\"elementor-widget-container\">\n\t\t\t\t\t\t\t\t\t<p><strong>24 days, 24 questions, 24 prizes<\/strong><\/p>\t\t\t\t\t\t\t\t<\/div>\n\t\t\t\t<\/div>\n\t\t\t\t<div class=\"elementor-element elementor-element-de506bf elementor-widget elementor-widget-text-editor\" data-id=\"de506bf\" data-element_type=\"widget\" data-e-type=\"widget\" data-widget_type=\"text-editor.default\">\n\t\t\t\t<div class=\"elementor-widget-container\">\n\t\t\t\t\t\t\t\t\t<p>From <strong>Monday, 1st December<\/strong> at <strong>Wednesday, 24 December 2025<\/strong>, IHEDN invites you to join us every morning at <strong>9:30 a.m.<\/strong> on his Instagram account for a daily quiz.<\/p><p>Each multiple-choice question (MCQ) will be directly related to the topics covered in our magazine \u00abL'Ann\u00e9e D\u00e9fense Nationale\u00bb. This is the perfect opportunity to test your knowledge of geopolitical, military and national resilience issues.<\/p>\t\t\t\t\t\t\t\t<\/div>\n\t\t\t\t<\/div>\n\t\t\t\t\t<\/div>\n\t\t\t\t<\/div>\n\t\t<div data-particle_enable=\"false\" data-particle-mobile-disabled=\"false\" class=\"elementor-element elementor-element-170efde e-flex e-con-boxed e-con e-parent\" data-id=\"170efde\" data-element_type=\"container\" data-e-type=\"container\">\n\t\t\t\t\t<div class=\"e-con-inner\">\n\t\t\t\t<div class=\"elementor-element elementor-element-1bb54c5 elementor-widget elementor-widget-text-editor\" data-id=\"1bb54c5\" data-element_type=\"widget\" data-e-type=\"widget\" data-widget_type=\"text-editor.default\">\n\t\t\t\t<div class=\"elementor-widget-container\">\n\t\t\t\t\t\t\t\t\t<h5><span style=\"color: #000000;\"><strong>To be won<\/strong><\/span><\/h5><p><strong>A copy of The Year of National Defence 2026<\/strong><\/p>\t\t\t\t\t\t\t\t<\/div>\n\t\t\t\t<\/div>\n\t\t\t\t<div class=\"elementor-element elementor-element-fcbd7e3 elementor-widget elementor-widget-image\" data-id=\"fcbd7e3\" data-element_type=\"widget\" data-e-type=\"widget\" data-widget_type=\"image.default\">\n\t\t\t\t<div class=\"elementor-widget-container\">\n\t\t\t\t\t\t\t\t\t\t\t\t\t\t\t<img decoding=\"async\" width=\"806\" height=\"1209\" src=\"https:\/\/ihedn.fr\/wp-content\/uploads\/2025\/10\/ADN2026.jpg\" class=\"attachment-full size-full wp-image-56161\" alt=\"Couverture ADN 2026\" srcset=\"https:\/\/ihedn.fr\/wp-content\/uploads\/2025\/10\/ADN2026.jpg 806w, https:\/\/ihedn.fr\/wp-content\/uploads\/2025\/10\/ADN2026-8x12.jpg 8w\" sizes=\"(max-width: 806px) 100vw, 806px\" \/>\t\t\t\t\t\t\t\t\t\t\t\t\t\t\t<\/div>\n\t\t\t\t<\/div>\n\t\t\t\t\t<\/div>\n\t\t\t\t<\/div>\n\t\t<div data-particle_enable=\"false\" data-particle-mobile-disabled=\"false\" class=\"elementor-element elementor-element-80963c0 e-flex e-con-boxed e-con e-parent\" data-id=\"80963c0\" data-element_type=\"container\" data-e-type=\"container\">\n\t\t\t\t\t<div class=\"e-con-inner\">\n\t\t\t\t<div class=\"elementor-element elementor-element-553c5fe elementor-widget elementor-widget-spacer\" data-id=\"553c5fe\" data-element_type=\"widget\" data-e-type=\"widget\" data-widget_type=\"spacer.default\">\n\t\t\t\t<div class=\"elementor-widget-container\">\n\t\t\t\t\t\t\t<div class=\"elementor-spacer\">\n\t\t\t<div class=\"elementor-spacer-inner\"><\/div>\n\t\t<\/div>\n\t\t\t\t\t\t<\/div>\n\t\t\t\t<\/div>\n\t\t\t\t<div class=\"elementor-element elementor-element-aa9967a elementor-widget elementor-widget-heading\" data-id=\"aa9967a\" data-element_type=\"widget\" data-e-type=\"widget\" data-widget_type=\"heading.default\">\n\t\t\t\t<div class=\"elementor-widget-container\">\n\t\t\t\t\t<h4 class=\"elementor-heading-title elementor-size-default\">How can I participate?<\/h4>\t\t\t\t<\/div>\n\t\t\t\t<\/div>\n\t\t\t\t<div class=\"elementor-element elementor-element-2715a41 elementor-widget-divider--view-line elementor-invisible elementor-widget elementor-widget-divider\" data-id=\"2715a41\" data-element_type=\"widget\" data-e-type=\"widget\" data-settings=\"{&quot;_animation&quot;:&quot;fadeInUp&quot;,&quot;_animation_delay&quot;:100}\" data-widget_type=\"divider.default\">\n\t\t\t\t<div class=\"elementor-widget-container\">\n\t\t\t\t\t\t\t<div class=\"elementor-divider\">\n\t\t\t<span class=\"elementor-divider-separator\">\n\t\t\t\t\t\t<\/span>\n\t\t<\/div>\n\t\t\t\t\t\t<\/div>\n\t\t\t\t<\/div>\n\t\t\t\t<div class=\"elementor-element elementor-element-fed2e8e elementor-widget elementor-widget-text-editor\" data-id=\"fed2e8e\" data-element_type=\"widget\" data-e-type=\"widget\" data-widget_type=\"text-editor.default\">\n\t\t\t\t<div class=\"elementor-widget-container\">\n\t\t\t\t\t\t\t\t\t<p>The game is free and takes place exclusively on the <a href=\"https:\/\/www.instagram.com\/ihedn\/\">IHEDN Instagram account<\/a> (in story).<\/p><p>To try to win the prize, simply:<br \/><br \/><\/p><ol><li style=\"list-style-type: none;\"><ol><li><strong>Be a subscriber<\/strong> to the IHEDN's official Instagram account.<\/li><\/ol><\/li><\/ol><p>\u00a0<\/p><ol><li style=\"list-style-type: none;\"><ol><li>Answer correctly and as accurately as possible. <strong>as soon as possible<\/strong> to the question of the day.<\/li><\/ol><\/li><\/ol><p>\u00a0<\/p><p>Each day, the first participant to give the correct answer will be declared the winner.<\/p>\t\t\t\t\t\t\t\t<\/div>\n\t\t\t\t<\/div>\n\t\t\t\t\t<\/div>\n\t\t\t\t<\/div>\n\t\t<div data-particle_enable=\"false\" data-particle-mobile-disabled=\"false\" class=\"elementor-element elementor-element-1a0f0aa e-flex e-con-boxed e-con e-parent\" data-id=\"1a0f0aa\" data-element_type=\"container\" data-e-type=\"container\">\n\t\t\t\t\t<div class=\"e-con-inner\">\n\t\t\t\t<div class=\"elementor-element elementor-element-9909d54 elementor-widget elementor-widget-text-editor\" data-id=\"9909d54\" data-element_type=\"widget\" data-e-type=\"widget\" data-widget_type=\"text-editor.default\">\n\t\t\t\t<div class=\"elementor-widget-container\">\n\t\t\t\t\t\t\t\t\t<p><strong>Visit our Instagram page <a href=\"https:\/\/www.instagram.com\/ihedn\/\">@ihedn<\/a><\/strong>\u00a0<strong>!<\/strong><\/p>\t\t\t\t\t\t\t\t<\/div>\n\t\t\t\t<\/div>\n\t\t\t\t<div class=\"elementor-element elementor-element-d0d342b elementor-widget elementor-widget-spacer\" data-id=\"d0d342b\" data-element_type=\"widget\" data-e-type=\"widget\" data-widget_type=\"spacer.default\">\n\t\t\t\t<div class=\"elementor-widget-container\">\n\t\t\t\t\t\t\t<div class=\"elementor-spacer\">\n\t\t\t<div class=\"elementor-spacer-inner\"><\/div>\n\t\t<\/div>\n\t\t\t\t\t\t<\/div>\n\t\t\t\t<\/div>\n\t\t\t\t<div class=\"elementor-element elementor-element-55b8460 elementor-widget elementor-widget-text-editor\" data-id=\"55b8460\" data-element_type=\"widget\" data-e-type=\"widget\" data-widget_type=\"text-editor.default\">\n\t\t\t\t<div class=\"elementor-widget-container\">\n\t\t\t\t\t\t\t\t\t<p><em>The full rules of the competition are available <span style=\"text-decoration: underline;\"><a href=\"https:\/\/ihedn.fr\/wp-content\/uploads\/2025\/11\/DEFI-HIVERNAL-DATHENA_reglement.pdf\" target=\"_blank\" rel=\"noopener\">here<\/a><\/span>.<\/em><\/p>\t\t\t\t\t\t\t\t<\/div>\n\t\t\t\t<\/div>\n\t\t\t\t\t<\/div>\n\t\t\t\t<\/div>\n\t\t\t\t<\/div>","protected":false},"excerpt":{"rendered":"<p>Le defi hivernal d&rsquo;ath\u00e9na Pr\u00eats \u00e0 relever le d\u00e9fi ? L&rsquo;IHEDN vous propose son compte \u00e0 rebours strat\u00e9gique pour d\u00e9crypter le monde ! Apr\u00e8s le succ\u00e8s de nos campagnes \u00ab Ath\u00e9na \u00e0 la plage \u00bb, l\u2019IHEDN lance cette ann\u00e9e le D\u00e9fi hivernal d&rsquo;Ath\u00e9na, un jeu-concours quotidien pour aiguiser votre culture strat\u00e9gique et votre rapidit\u00e9 d\u2019analyse. [&hellip;]<\/p>\n","protected":false},"author":14,"featured_media":0,"parent":0,"menu_order":0,"comment_status":"closed","ping_status":"closed","template":"","meta":{"footnotes":""},"class_list":["post-57068","page","type-page","status-publish","hentry"],"yoast_head":"<!-- This site is optimized with the Yoast SEO plugin v27.5 - https:\/\/yoast.com\/product\/yoast-seo-wordpress\/ -->\n<title>D\u00e9fi hivernal d&#039;Ath\u00e9na - L&#039;IHEDN : Institut des hautes \u00e9tudes de d\u00e9fense nationale<\/title>\n<meta name=\"robots\" content=\"index, follow, max-snippet:-1, max-image-preview:large, max-video-preview:-1\" \/>\n<link rel=\"canonical\" href=\"https:\/\/ihedn.fr\/en\/defi-hivernal-dathena\/\" \/>\n<meta property=\"og:locale\" content=\"en_GB\" \/>\n<meta property=\"og:type\" content=\"article\" \/>\n<meta property=\"og:title\" content=\"D\u00e9fi hivernal d&#039;Ath\u00e9na - L&#039;IHEDN : Institut des hautes \u00e9tudes de d\u00e9fense nationale\" \/>\n<meta property=\"og:description\" content=\"Le defi hivernal d&rsquo;ath\u00e9na Pr\u00eats \u00e0 relever le d\u00e9fi ? L&rsquo;IHEDN vous propose son compte \u00e0 rebours strat\u00e9gique pour d\u00e9crypter le monde ! Apr\u00e8s le succ\u00e8s de nos campagnes \u00ab Ath\u00e9na \u00e0 la plage \u00bb, l\u2019IHEDN lance cette ann\u00e9e le D\u00e9fi hivernal d&rsquo;Ath\u00e9na, un jeu-concours quotidien pour aiguiser votre culture strat\u00e9gique et votre rapidit\u00e9 d\u2019analyse. [&hellip;]\" \/>\n<meta property=\"og:url\" content=\"https:\/\/ihedn.fr\/en\/defi-hivernal-dathena\/\" \/>\n<meta property=\"og:site_name\" content=\"L&#039;IHEDN : Institut des hautes \u00e9tudes de d\u00e9fense nationale\" \/>\n<meta property=\"article:publisher\" content=\"https:\/\/www.facebook.com\/ihedn\/\" \/>\n<meta property=\"article:modified_time\" content=\"2025-11-28T12:58:31+00:00\" \/>\n<meta property=\"og:image\" content=\"https:\/\/ihedn.fr\/wp-content\/uploads\/2025\/11\/Le-defis-hivernal-dAthena_site_internet.jpg\" \/>\n<meta name=\"twitter:card\" content=\"summary_large_image\" \/>\n<meta name=\"twitter:site\" content=\"@IHEDN\" \/>\n<meta name=\"twitter:label1\" content=\"Estimated reading time\" \/>\n\t<meta name=\"twitter:data1\" content=\"2 minutes\" \/>\n<script type=\"application\/ld+json\" class=\"yoast-schema-graph\">{\"@context\":\"https:\\\/\\\/schema.org\",\"@graph\":[{\"@type\":\"WebPage\",\"@id\":\"https:\\\/\\\/ihedn.fr\\\/defi-hivernal-dathena\\\/\",\"url\":\"https:\\\/\\\/ihedn.fr\\\/defi-hivernal-dathena\\\/\",\"name\":\"D\u00e9fi hivernal d'Ath\u00e9na - L&#039;IHEDN : Institut des hautes \u00e9tudes de d\u00e9fense nationale\",\"isPartOf\":{\"@id\":\"https:\\\/\\\/ihedn.fr\\\/#website\"},\"primaryImageOfPage\":{\"@id\":\"https:\\\/\\\/ihedn.fr\\\/defi-hivernal-dathena\\\/#primaryimage\"},\"image\":{\"@id\":\"https:\\\/\\\/ihedn.fr\\\/defi-hivernal-dathena\\\/#primaryimage\"},\"thumbnailUrl\":\"https:\\\/\\\/ihedn.fr\\\/wp-content\\\/uploads\\\/2025\\\/11\\\/Le-defis-hivernal-dAthena_site_internet.jpg\",\"datePublished\":\"2025-11-28T12:57:45+00:00\",\"dateModified\":\"2025-11-28T12:58:31+00:00\",\"breadcrumb\":{\"@id\":\"https:\\\/\\\/ihedn.fr\\\/defi-hivernal-dathena\\\/#breadcrumb\"},\"inLanguage\":\"en-GB\",\"potentialAction\":[{\"@type\":\"ReadAction\",\"target\":[\"https:\\\/\\\/ihedn.fr\\\/defi-hivernal-dathena\\\/\"]}]},{\"@type\":\"ImageObject\",\"inLanguage\":\"en-GB\",\"@id\":\"https:\\\/\\\/ihedn.fr\\\/defi-hivernal-dathena\\\/#primaryimage\",\"url\":\"https:\\\/\\\/ihedn.fr\\\/wp-content\\\/uploads\\\/2025\\\/11\\\/Le-defis-hivernal-dAthena_site_internet.jpg\",\"contentUrl\":\"https:\\\/\\\/ihedn.fr\\\/wp-content\\\/uploads\\\/2025\\\/11\\\/Le-defis-hivernal-dAthena_site_internet.jpg\"},{\"@type\":\"BreadcrumbList\",\"@id\":\"https:\\\/\\\/ihedn.fr\\\/defi-hivernal-dathena\\\/#breadcrumb\",\"itemListElement\":[{\"@type\":\"ListItem\",\"position\":1,\"name\":\"Accueil\",\"item\":\"https:\\\/\\\/ihedn.fr\\\/\"},{\"@type\":\"ListItem\",\"position\":2,\"name\":\"D\u00e9fi hivernal d&rsquo;Ath\u00e9na\"}]},{\"@type\":\"WebSite\",\"@id\":\"https:\\\/\\\/ihedn.fr\\\/#website\",\"url\":\"https:\\\/\\\/ihedn.fr\\\/\",\"name\":\"IHEDN : Institut des hautes \u00e9tudes de d\u00e9fense nationale |\",\"description\":\"Site officiel de l&#039;IHEDN plac\u00e9 sous la tutelle du Premier ministre.\",\"publisher\":{\"@id\":\"https:\\\/\\\/ihedn.fr\\\/#organization\"},\"potentialAction\":[{\"@type\":\"SearchAction\",\"target\":{\"@type\":\"EntryPoint\",\"urlTemplate\":\"https:\\\/\\\/ihedn.fr\\\/?s={search_term_string}\"},\"query-input\":{\"@type\":\"PropertyValueSpecification\",\"valueRequired\":true,\"valueName\":\"search_term_string\"}}],\"inLanguage\":\"en-GB\"},{\"@type\":\"Organization\",\"@id\":\"https:\\\/\\\/ihedn.fr\\\/#organization\",\"name\":\"IHEDN - Institut des Hautes Etudes de D\u00e9fense Nationale\",\"url\":\"https:\\\/\\\/ihedn.fr\\\/\",\"logo\":{\"@type\":\"ImageObject\",\"inLanguage\":\"en-GB\",\"@id\":\"https:\\\/\\\/ihedn.fr\\\/#\\\/schema\\\/logo\\\/image\\\/\",\"url\":\"https:\\\/\\\/ihedn.fr\\\/wp-content\\\/uploads\\\/2020\\\/11\\\/BLOC_RF_IHEDN_WEB.png\",\"contentUrl\":\"https:\\\/\\\/ihedn.fr\\\/wp-content\\\/uploads\\\/2020\\\/11\\\/BLOC_RF_IHEDN_WEB.png\",\"width\":500,\"height\":237,\"caption\":\"IHEDN - Institut des Hautes Etudes de D\u00e9fense Nationale\"},\"image\":{\"@id\":\"https:\\\/\\\/ihedn.fr\\\/#\\\/schema\\\/logo\\\/image\\\/\"},\"sameAs\":[\"https:\\\/\\\/www.facebook.com\\\/ihedn\\\/\",\"https:\\\/\\\/x.com\\\/IHEDN\",\"https:\\\/\\\/www.instagram.com\\\/ihedn\\\/\",\"https:\\\/\\\/www.linkedin.com\\\/school\\\/ihedn\\\/\",\"https:\\\/\\\/fr.wikipedia.org\\\/wiki\\\/Institut_des_hautes_\u00e9tudes_de_D\u00e9fense_nationale\"]}]}<\/script>\n<!-- \/ Yoast SEO plugin. -->","yoast_head_json":{"title":"Athena's Winter Challenge - IHEDN: Institute for Higher National Defence Studies","robots":{"index":"index","follow":"follow","max-snippet":"max-snippet:-1","max-image-preview":"max-image-preview:large","max-video-preview":"max-video-preview:-1"},"canonical":"https:\/\/ihedn.fr\/en\/defi-hivernal-dathena\/","og_locale":"en_GB","og_type":"article","og_title":"D\u00e9fi hivernal d'Ath\u00e9na - L&#039;IHEDN : Institut des hautes \u00e9tudes de d\u00e9fense nationale","og_description":"Le defi hivernal d&rsquo;ath\u00e9na Pr\u00eats \u00e0 relever le d\u00e9fi ? L&rsquo;IHEDN vous propose son compte \u00e0 rebours strat\u00e9gique pour d\u00e9crypter le monde ! Apr\u00e8s le succ\u00e8s de nos campagnes \u00ab Ath\u00e9na \u00e0 la plage \u00bb, l\u2019IHEDN lance cette ann\u00e9e le D\u00e9fi hivernal d&rsquo;Ath\u00e9na, un jeu-concours quotidien pour aiguiser votre culture strat\u00e9gique et votre rapidit\u00e9 d\u2019analyse. [&hellip;]","og_url":"https:\/\/ihedn.fr\/en\/defi-hivernal-dathena\/","og_site_name":"L&#039;IHEDN : Institut des hautes \u00e9tudes de d\u00e9fense nationale","article_publisher":"https:\/\/www.facebook.com\/ihedn\/","article_modified_time":"2025-11-28T12:58:31+00:00","og_image":[{"url":"https:\/\/ihedn.fr\/wp-content\/uploads\/2025\/11\/Le-defis-hivernal-dAthena_site_internet.jpg","type":"","width":"","height":""}],"twitter_card":"summary_large_image","twitter_site":"@IHEDN","twitter_misc":{"Estimated reading time":"2 minutes"},"schema":{"@context":"https:\/\/schema.org","@graph":[{"@type":"WebPage","@id":"https:\/\/ihedn.fr\/defi-hivernal-dathena\/","url":"https:\/\/ihedn.fr\/defi-hivernal-dathena\/","name":"Athena's Winter Challenge - IHEDN: Institute for Higher National Defence Studies","isPartOf":{"@id":"https:\/\/ihedn.fr\/#website"},"primaryImageOfPage":{"@id":"https:\/\/ihedn.fr\/defi-hivernal-dathena\/#primaryimage"},"image":{"@id":"https:\/\/ihedn.fr\/defi-hivernal-dathena\/#primaryimage"},"thumbnailUrl":"https:\/\/ihedn.fr\/wp-content\/uploads\/2025\/11\/Le-defis-hivernal-dAthena_site_internet.jpg","datePublished":"2025-11-28T12:57:45+00:00","dateModified":"2025-11-28T12:58:31+00:00","breadcrumb":{"@id":"https:\/\/ihedn.fr\/defi-hivernal-dathena\/#breadcrumb"},"inLanguage":"en-GB","potentialAction":[{"@type":"ReadAction","target":["https:\/\/ihedn.fr\/defi-hivernal-dathena\/"]}]},{"@type":"ImageObject","inLanguage":"en-GB","@id":"https:\/\/ihedn.fr\/defi-hivernal-dathena\/#primaryimage","url":"https:\/\/ihedn.fr\/wp-content\/uploads\/2025\/11\/Le-defis-hivernal-dAthena_site_internet.jpg","contentUrl":"https:\/\/ihedn.fr\/wp-content\/uploads\/2025\/11\/Le-defis-hivernal-dAthena_site_internet.jpg"},{"@type":"BreadcrumbList","@id":"https:\/\/ihedn.fr\/defi-hivernal-dathena\/#breadcrumb","itemListElement":[{"@type":"ListItem","position":1,"name":"Accueil","item":"https:\/\/ihedn.fr\/"},{"@type":"ListItem","position":2,"name":"D\u00e9fi hivernal d&rsquo;Ath\u00e9na"}]},{"@type":"WebSite","@id":"https:\/\/ihedn.fr\/#website","url":"https:\/\/ihedn.fr\/","name":"IHEDN: Institut des hautes \u00e9tudes de d\u00e9fense nationale (Institute for Higher National Defence Studies)","description":"Official website of the IHEDN under the supervision of the Prime Minister.","publisher":{"@id":"https:\/\/ihedn.fr\/#organization"},"potentialAction":[{"@type":"SearchAction","target":{"@type":"EntryPoint","urlTemplate":"https:\/\/ihedn.fr\/?s={search_term_string}"},"query-input":{"@type":"PropertyValueSpecification","valueRequired":true,"valueName":"search_term_string"}}],"inLanguage":"en-GB"},{"@type":"Organization","@id":"https:\/\/ihedn.fr\/#organization","name":"IHEDN - Institute for Higher National Defence Studies","url":"https:\/\/ihedn.fr\/","logo":{"@type":"ImageObject","inLanguage":"en-GB","@id":"https:\/\/ihedn.fr\/#\/schema\/logo\/image\/","url":"https:\/\/ihedn.fr\/wp-content\/uploads\/2020\/11\/BLOC_RF_IHEDN_WEB.png","contentUrl":"https:\/\/ihedn.fr\/wp-content\/uploads\/2020\/11\/BLOC_RF_IHEDN_WEB.png","width":500,"height":237,"caption":"IHEDN - Institut des Hautes Etudes de D\u00e9fense Nationale"},"image":{"@id":"https:\/\/ihedn.fr\/#\/schema\/logo\/image\/"},"sameAs":["https:\/\/www.facebook.com\/ihedn\/","https:\/\/x.com\/IHEDN","https:\/\/www.instagram.com\/ihedn\/","https:\/\/www.linkedin.com\/school\/ihedn\/","https:\/\/fr.wikipedia.org\/wiki\/Institut_des_hautes_\u00e9tudes_de_D\u00e9fense_nationale"]}]}},"publishpress_future_action":{"enabled":false,"date":"2026-05-07 01:42:04","action":"change-status","newStatus":"draft","terms":[],"taxonomy":"","extraData":[]},"publishpress_future_workflow_manual_trigger":{"enabledWorkflows":[]},"_links":{"self":[{"href":"https:\/\/ihedn.fr\/en\/wp-json\/wp\/v2\/pages\/57068","targetHints":{"allow":["GET"]}}],"collection":[{"href":"https:\/\/ihedn.fr\/en\/wp-json\/wp\/v2\/pages"}],"about":[{"href":"https:\/\/ihedn.fr\/en\/wp-json\/wp\/v2\/types\/page"}],"author":[{"embeddable":true,"href":"https:\/\/ihedn.fr\/en\/wp-json\/wp\/v2\/users\/14"}],"replies":[{"embeddable":true,"href":"https:\/\/ihedn.fr\/en\/wp-json\/wp\/v2\/comments?post=57068"}],"version-history":[{"count":27,"href":"https:\/\/ihedn.fr\/en\/wp-json\/wp\/v2\/pages\/57068\/revisions"}],"predecessor-version":[{"id":57146,"href":"https:\/\/ihedn.fr\/en\/wp-json\/wp\/v2\/pages\/57068\/revisions\/57146"}],"wp:attachment":[{"href":"https:\/\/ihedn.fr\/en\/wp-json\/wp\/v2\/media?parent=57068"}],"curies":[{"name":"wp","href":"https:\/\/api.w.org\/{rel}","templated":true}]}}